{"id":18,"date":"2017-06-10T08:25:52","date_gmt":"2017-06-10T08:25:52","guid":{"rendered":"http:\/\/xtratheme.com\/business\/?page_id=10"},"modified":"2023-10-20T10:54:59","modified_gmt":"2023-10-20T07:54:59","slug":"contact","status":"publish","type":"page","link":"https:\/\/angorainternational.com\/?page_id=18","title":{"rendered":"\u0130leti\u015fim"},"content":{"rendered":"\t\t<div data-elementor-type=\"wp-page\" data-elementor-id=\"18\" class=\"elementor elementor-18\" data-elementor-post-type=\"page\">\n\t\t\t\t\t\t\t\t\t<section class=\"elementor-section elementor-top-section elementor-element elementor-element-78e5d69 elementor-section-boxed elementor-section-height-default elementor-section-height-default\" data-id=\"78e5d69\" data-element_type=\"section\">\n\t\t\t\t\t\t<div class=\"elementor-container elementor-column-gap-default\">\n\t\t\t\t\t<div class=\"elementor-column elementor-col-50 elementor-top-column elementor-element elementor-element-d877dbe\" data-id=\"d877dbe\" data-element_type=\"column\">\n\t\t\t<div class=\"elementor-widget-wrap elementor-element-populated\">\n\t\t\t\t\t\t\t\t<div class=\"elementor-element elementor-element-3c69fc3 elementor-widget elementor-widget-cz_gap\" data-id=\"3c69fc3\" data-element_type=\"widget\" data-widget_type=\"cz_gap.default\">\n\t\t\t\t<div class=\"elementor-widget-container\">\n\t\t\t<div class=\"cz_gap clr\"><\/div>\t\t<\/div>\n\t\t\t\t<\/div>\n\t\t\t\t<div class=\"elementor-element elementor-element-555a1e8 elementor-widget elementor-widget-cz_title\" data-id=\"555a1e8\" data-element_type=\"widget\" data-widget_type=\"cz_title.default\">\n\t\t\t\t<div class=\"elementor-widget-container\">\n\t\t\t\t\r\n\t\t<div>\r\n\t\t\t<div class=\"cz_title clr cz_mobile_text_center cz_title_pos_inline\"><div class=\"cz_title_shape shape_icon cz_shape_1\"><i class=\"fa fa-fire\"><\/i><\/div><div class=\"cz_title_content\"><div class=\"cz_wpe_content\"><p><span style=\"color: #808080; font-size: 18px;\">G\u00f6r\u00fc\u015f ve \u00f6nerileriniz i\u00e7in ...<\/span><\/p><h3><span style=\"font-size: 40px;\">Bize <\/span><span style=\"font-size: 40px;\"><span style=\"color: #f68420;\">Mesaj G\u00f6nderin.<br \/><\/span><\/span><\/h3><\/div><\/div><\/div>\r\n\t\t<\/div>\r\n\t\t\r\n\t\t\t\t<\/div>\n\t\t\t\t<\/div>\n\t\t\t\t<div class=\"elementor-element elementor-element-f594bbc elementor-widget elementor-widget-cz_gap\" data-id=\"f594bbc\" data-element_type=\"widget\" data-widget_type=\"cz_gap.default\">\n\t\t\t\t<div class=\"elementor-widget-container\">\n\t\t\t<div class=\"cz_gap clr\"><\/div>\t\t<\/div>\n\t\t\t\t<\/div>\n\t\t\t\t<div class=\"elementor-element elementor-element-d234400 elementor-widget elementor-widget-cz_title\" data-id=\"d234400\" data-element_type=\"widget\" data-widget_type=\"cz_title.default\">\n\t\t\t\t<div class=\"elementor-widget-container\">\n\t\t\t\t\r\n\t\t<div>\r\n\t\t\t<div class=\"cz_title clr cz_mobile_text_center cz_title_pos_inline\"><div class=\"cz_title_content\"><div class=\"cz_wpe_content\"><p><span style=\"font-size: 18px;\">G\u00f6r\u00fc\u015f ve \u00f6nerileriniz bizim i\u00e7in de\u011ferlidir.<br \/><\/span><\/p><\/div><\/div><\/div>\r\n\t\t<\/div>\r\n\t\t\r\n\t\t\t\t<\/div>\n\t\t\t\t<\/div>\n\t\t\t\t<div class=\"elementor-element elementor-element-05d10f4 elementor-widget elementor-widget-cz_gap\" data-id=\"05d10f4\" data-element_type=\"widget\" data-widget_type=\"cz_gap.default\">\n\t\t\t\t<div class=\"elementor-widget-container\">\n\t\t\t<div class=\"cz_gap clr\"><\/div>\t\t<\/div>\n\t\t\t\t<\/div>\n\t\t\t\t<div class=\"elementor-element elementor-element-5fe74cd elementor-widget elementor-widget-cz_contact_form_7\" data-id=\"5fe74cd\" data-element_type=\"widget\" data-widget_type=\"cz_contact_form_7.default\">\n\t\t\t\t<div class=\"elementor-widget-container\">\n\t\t\t\t\t<div class=\"cz_cf7 clr\">\r\n\t\t\t<div>\n<div class=\"wpcf7 no-js\" id=\"wpcf7-f510-o1\" lang=\"en-US\" dir=\"ltr\">\n<div class=\"screen-reader-response\"><p role=\"status\" aria-live=\"polite\" aria-atomic=\"true\"><\/p> <ul><\/ul><\/div>\n<form action=\"\/index.php?rest_route=%2Fwp%2Fv2%2Fpages%2F18#wpcf7-f510-o1\" method=\"post\" class=\"wpcf7-form init\" aria-label=\"Contact form\" novalidate=\"novalidate\" data-status=\"init\">\n<div style=\"display: none;\">\n<input type=\"hidden\" name=\"_wpcf7\" value=\"510\" \/>\n<input type=\"hidden\" name=\"_wpcf7_version\" value=\"5.8.2\" \/>\n<input type=\"hidden\" name=\"_wpcf7_locale\" value=\"en_US\" \/>\n<input type=\"hidden\" name=\"_wpcf7_unit_tag\" value=\"wpcf7-f510-o1\" \/>\n<input type=\"hidden\" name=\"_wpcf7_container_post\" value=\"0\" \/>\n<input type=\"hidden\" name=\"_wpcf7_posted_data_hash\" value=\"\" \/>\n<\/div>\n<p><label> Ad\u0131n\u0131z Soyad\u0131n\u0131z (*) <\/label><br \/>\n<span class=\"wpcf7-form-control-wrap\" data-name=\"your-name\"><input size=\"40\" class=\"wpcf7-form-control wpcf7-text wpcf7-validates-as-required\" aria-required=\"true\" aria-invalid=\"false\" value=\"\" type=\"text\" name=\"your-name\" \/><\/span>\n<\/p>\n<p><label> E-Mail Adresiniz (*) <\/label><br \/>\n<span class=\"wpcf7-form-control-wrap\" data-name=\"your-email\"><input size=\"40\" class=\"wpcf7-form-control wpcf7-email wpcf7-validates-as-required wpcf7-text wpcf7-validates-as-email\" aria-required=\"true\" aria-invalid=\"false\" value=\"\" type=\"email\" name=\"your-email\" \/><\/span>\n<\/p>\n<p><label> Telefon <\/label><br \/>\n<span class=\"wpcf7-form-control-wrap\" data-name=\"your-phone\"><input size=\"40\" class=\"wpcf7-form-control wpcf7-text\" aria-invalid=\"false\" value=\"\" type=\"text\" name=\"your-phone\" \/><\/span>\n<\/p>\n<p><label> Departman<\/label><br \/>\n<span class=\"wpcf7-form-control-wrap\" data-name=\"menu-178\"><select class=\"wpcf7-form-control wpcf7-select\" aria-invalid=\"false\" name=\"menu-178\"><option value=\"\u0130\u015f departman\u0131\">\u0130\u015f departman\u0131<\/option><option value=\"Ki\u015fisel Departman\">Ki\u015fisel Departman<\/option><option value=\"Destek Departman\u0131\">Destek Departman\u0131<\/option><option value=\"Di\u011fer\">Di\u011fer<\/option><\/select><\/span>\n<\/p>\n<p><label> K\u0131sa Mesaj <\/label><br \/>\n<span class=\"wpcf7-form-control-wrap\" data-name=\"your-message\"><textarea cols=\"40\" rows=\"10\" class=\"wpcf7-form-control wpcf7-textarea\" aria-invalid=\"false\" name=\"your-message\"><\/textarea><\/span>\n<\/p>\n<p><input class=\"wpcf7-form-control wpcf7-submit has-spinner\" type=\"submit\" value=\"G\u00f6nder\" \/>\n<\/p><div class=\"wpcf7-response-output\" aria-hidden=\"true\"><\/div>\n<\/form>\n<\/div>\n<\/div>\r\n\t\t<\/div>\r\n\t\t\t\t<\/div>\n\t\t\t\t<\/div>\n\t\t\t\t\t<\/div>\n\t\t<\/div>\n\t\t\t\t<div class=\"elementor-column elementor-col-50 elementor-top-column elementor-element elementor-element-1435d59\" data-id=\"1435d59\" data-element_type=\"column\">\n\t\t\t<div class=\"elementor-widget-wrap elementor-element-populated\">\n\t\t\t\t\t\t\t\t<section class=\"elementor-section elementor-inner-section elementor-element elementor-element-11134dc elementor-section-boxed elementor-section-height-default elementor-section-height-default\" data-id=\"11134dc\" data-element_type=\"section\">\n\t\t\t\t\t\t<div class=\"elementor-container elementor-column-gap-default\">\n\t\t\t\t\t<div class=\"elementor-column elementor-col-100 elementor-inner-column elementor-element elementor-element-e51661c\" data-id=\"e51661c\" data-element_type=\"column\">\n\t\t\t<div class=\"elementor-widget-wrap elementor-element-populated\">\n\t\t\t\t\t\t\t\t<div class=\"elementor-element elementor-element-f211309 elementor-widget elementor-widget-cz_gap\" data-id=\"f211309\" data-element_type=\"widget\" data-widget_type=\"cz_gap.default\">\n\t\t\t\t<div class=\"elementor-widget-container\">\n\t\t\t<div class=\"cz_gap clr\"><\/div>\t\t<\/div>\n\t\t\t\t<\/div>\n\t\t\t\t<div class=\"elementor-element elementor-element-6c456c0 elementor-widget elementor-widget-cz_stylish_list\" data-id=\"6c456c0\" data-element_type=\"widget\" data-widget_type=\"cz_stylish_list.default\">\n\t\t\t\t<div class=\"elementor-widget-container\">\n\t\t\t<ul class=\"cz_stylish_list clr center_on_mobile cz_sl_icon_hover_zoom_in\"><li class=\"elementor-repeater-item-bbfce64 clr\"><div class=\"cz_sl_icon\"><i class=\"mr10 fa fa-map-marker\"><\/i><\/div><div><span>Hermann K\u00f6hl str 4 89340 Leipheim<\/span><\/div><\/li><li class=\"elementor-repeater-item-f77ea64 clr\"><div class=\"cz_sl_icon\"><i class=\"mr10 fa fa-phone\"><\/i><\/div><div><span>+49 15782183966<\/span><\/div><\/li><li class=\"elementor-repeater-item-7d47806 clr\"><div class=\"cz_sl_icon\"><i class=\"mr10 fa fa-envelope\"><\/i><\/div><div><span>info@angorainternational.com<\/span><\/div><\/li><li class=\"elementor-repeater-item-d4d33ab clr\"><div class=\"cz_sl_icon\"><i class=\"mr10 fa fa-fax\"><\/i><\/div><div><span>+49 15782183966<\/span><\/div><\/li><\/ul>\t\t<\/div>\n\t\t\t\t<\/div>\n\t\t\t\t<div class=\"elementor-element elementor-element-b6b2914 elementor-widget elementor-widget-shortcode\" data-id=\"b6b2914\" data-element_type=\"widget\" data-widget_type=\"shortcode.default\">\n\t\t\t\t<div class=\"elementor-widget-container\">\n\t\t\t\t\t<div class=\"elementor-shortcode\"><iframe src=\"https:\/\/www.google.com\/maps\/embed?pb=!1m18!1m12!1m3!1d2646.6985083074446!2d10.222216776854026!3d48.443125929839724!2m3!1f0!2f0!3f0!3m2!1i1024!2i768!4f13.1!3m3!1m2!1s0x479944be6167f1db%3A0xca43edcedbc4c411!2sHermann-K%C3%B6hl-Stra%C3%9Fe%204%2C%2089340%20Leipheim%2C%20Almanya!5e0!3m2!1str!2str!4v1697778580236!5m2!1str!2str\" width=\"600\" height=\"450\" style=\"border:0;\" allowfullscreen=\"\" loading=\"lazy\" referrerpolicy=\"no-referrer-when-downgrade\"><\/iframe><\/div>\n\t\t\t\t<\/div>\n\t\t\t\t<\/div>\n\t\t\t\t\t<\/div>\n\t\t<\/div>\n\t\t\t\t\t\t\t<\/div>\n\t\t<\/section>\n\t\t\t\t\t<\/div>\n\t\t<\/div>\n\t\t\t\t\t\t\t<\/div>\n\t\t<\/section>\n\t\t\t\t\t\t\t<\/div>\n\t\t","protected":false},"excerpt":{"rendered":"<p>G\u00f6r\u00fc\u015f ve \u00f6nerileriniz i\u00e7in &#8230; Bize Mesaj G\u00f6nderin. G\u00f6r\u00fc\u015f ve \u00f6nerileriniz &#8230; <\/p>\n","protected":false},"author":1,"featured_media":0,"parent":0,"menu_order":0,"comment_status":"closed","ping_status":"closed","template":"","meta":{"footnotes":""},"yoast_head":"<!-- This site is optimized with the Yoast SEO Premium plugin v21.4 (Yoast SEO v21.4) - https:\/\/yoast.com\/wordpress\/plugins\/seo\/ -->\n<title>\u0130leti\u015fim - Angora \u0130nternational<\/title>\n<meta name=\"description\" content=\"AngoraInternationalFirmam\u0131z, d\u00fcnyan\u0131n d\u00f6rt bir yan\u0131na ihracat ve ithalat yapmaktad\u0131r.Angora International, uluslararas\u0131 ticaret alan\u0131nda uzmanla\u015fm\u0131\u015f bir ekip taraf\u0131ndan y\u00f6netilmektedir. Ekibimiz, sekt\u00f6rdeki geli\u015fmeleri yak\u0131ndan takip ederek m\u00fc\u015fterilerimize en iyi hizmeti sunmak i\u00e7in \u00e7al\u0131\u015fmaktad\u0131r.Angora International, a\u015fa\u011f\u0131daki hizmetleri sunmaktad\u0131r: \u0130hracat \u0130thalat Lojistik G\u00fcmr\u00fckleme Finansal dan\u0131\u015fmanl\u0131k G\u0131da Ticareti Bakliyat Tah\u0131l De\u011ferli Maden Ya\u011f ve \u015eekerAngora International, m\u00fc\u015fterilerinin uluslararas\u0131 ticaret hedeflerine ula\u015fmas\u0131na yard\u0131mc\u0131 olmak i\u00e7in \u00e7al\u0131\u015fmaktad\u0131r. M\u00fc\u015fterilerimize sundu\u011fumuz hizmetler, onlar\u0131n rekabet g\u00fcc\u00fcn\u00fc art\u0131rmas\u0131na ve yeni pazarlara a\u00e7\u0131lmas\u0131na yard\u0131mc\u0131 olmaktad\u0131r.MisyonumuzM\u00fc\u015fterilerimizin uluslararas\u0131 ticaret hedeflerine ula\u015fmas\u0131na yard\u0131mc\u0131 olmak.VizyonumuzT\u00fcrkiye&#039;nin ve d\u00fcnyan\u0131n lider uluslararas\u0131 ticaret firmas\u0131 olmak.De\u011ferlerimiz M\u00fc\u015fteri odakl\u0131l\u0131k Kalite \u0130\u015f birli\u011fi S\u00fcrd\u00fcr\u00fclebilirlik\u0130leti\u015fim BilgilerimizAdres: Hermann K\u00f6hl str 4 89340 leipheimTelefon:+49 1578 218 3966E-posta: info@angorainternational.comWeb sitesi: [Angora\u0131nternational]\" \/>\n<meta name=\"robots\" content=\"index, follow, max-snippet:-1, max-image-preview:large, max-video-preview:-1\" \/>\n<link rel=\"canonical\" href=\"https:\/\/angorainternational.com\/?page_id=18\" \/>\n<meta property=\"og:locale\" content=\"tr_TR\" \/>\n<meta property=\"og:type\" content=\"article\" \/>\n<meta property=\"og:title\" content=\"\u0130leti\u015fim\" \/>\n<meta property=\"og:description\" content=\"AngoraInternationalFirmam\u0131z, d\u00fcnyan\u0131n d\u00f6rt bir yan\u0131na ihracat ve ithalat yapmaktad\u0131r.Angora International, uluslararas\u0131 ticaret alan\u0131nda uzmanla\u015fm\u0131\u015f bir ekip taraf\u0131ndan y\u00f6netilmektedir. Ekibimiz, sekt\u00f6rdeki geli\u015fmeleri yak\u0131ndan takip ederek m\u00fc\u015fterilerimize en iyi hizmeti sunmak i\u00e7in \u00e7al\u0131\u015fmaktad\u0131r.Angora International, a\u015fa\u011f\u0131daki hizmetleri sunmaktad\u0131r: \u0130hracat \u0130thalat Lojistik G\u00fcmr\u00fckleme Finansal dan\u0131\u015fmanl\u0131k G\u0131da Ticareti Bakliyat Tah\u0131l De\u011ferli Maden Ya\u011f ve \u015eekerAngora International, m\u00fc\u015fterilerinin uluslararas\u0131 ticaret hedeflerine ula\u015fmas\u0131na yard\u0131mc\u0131 olmak i\u00e7in \u00e7al\u0131\u015fmaktad\u0131r. M\u00fc\u015fterilerimize sundu\u011fumuz hizmetler, onlar\u0131n rekabet g\u00fcc\u00fcn\u00fc art\u0131rmas\u0131na ve yeni pazarlara a\u00e7\u0131lmas\u0131na yard\u0131mc\u0131 olmaktad\u0131r.MisyonumuzM\u00fc\u015fterilerimizin uluslararas\u0131 ticaret hedeflerine ula\u015fmas\u0131na yard\u0131mc\u0131 olmak.VizyonumuzT\u00fcrkiye&#039;nin ve d\u00fcnyan\u0131n lider uluslararas\u0131 ticaret firmas\u0131 olmak.De\u011ferlerimiz M\u00fc\u015fteri odakl\u0131l\u0131k Kalite \u0130\u015f birli\u011fi S\u00fcrd\u00fcr\u00fclebilirlik\u0130leti\u015fim BilgilerimizAdres: Hermann K\u00f6hl str 4 89340 leipheimTelefon:+49 1578 218 3966E-posta: info@angorainternational.comWeb sitesi: [Angora\u0131nternational]\" \/>\n<meta property=\"og:url\" content=\"https:\/\/angorainternational.com\/?page_id=18\" \/>\n<meta property=\"og:site_name\" content=\"Angora \u0130nternational\" \/>\n<meta property=\"article:modified_time\" content=\"2023-10-20T07:54:59+00:00\" \/>\n<meta property=\"og:image\" content=\"https:\/\/angorainternational.com\/wp-content\/uploads\/2023\/10\/angora-international-1080-x-1080-piksel.png\" \/>\n\t<meta property=\"og:image:width\" content=\"1080\" \/>\n\t<meta property=\"og:image:height\" content=\"1080\" \/>\n\t<meta property=\"og:image:type\" content=\"image\/png\" \/>\n<meta name=\"twitter:card\" content=\"summary_large_image\" \/>\n<script type=\"application\/ld+json\" class=\"yoast-schema-graph\">{\"@context\":\"https:\/\/schema.org\",\"@graph\":[{\"@type\":\"WebPage\",\"@id\":\"https:\/\/angorainternational.com\/?page_id=18\",\"url\":\"https:\/\/angorainternational.com\/?page_id=18\",\"name\":\"\u0130leti\u015fim - Angora \u0130nternational\",\"isPartOf\":{\"@id\":\"https:\/\/angorainternational.com\/#website\"},\"datePublished\":\"2017-06-10T08:25:52+00:00\",\"dateModified\":\"2023-10-20T07:54:59+00:00\",\"description\":\"AngoraInternationalFirmam\u0131z, d\u00fcnyan\u0131n d\u00f6rt bir yan\u0131na ihracat ve ithalat yapmaktad\u0131r.Angora International, uluslararas\u0131 ticaret alan\u0131nda uzmanla\u015fm\u0131\u015f bir ekip taraf\u0131ndan y\u00f6netilmektedir. Ekibimiz, sekt\u00f6rdeki geli\u015fmeleri yak\u0131ndan takip ederek m\u00fc\u015fterilerimize en iyi hizmeti sunmak i\u00e7in \u00e7al\u0131\u015fmaktad\u0131r.Angora International, a\u015fa\u011f\u0131daki hizmetleri sunmaktad\u0131r: \u0130hracat \u0130thalat Lojistik G\u00fcmr\u00fckleme Finansal dan\u0131\u015fmanl\u0131k G\u0131da Ticareti Bakliyat Tah\u0131l De\u011ferli Maden Ya\u011f ve \u015eekerAngora International, m\u00fc\u015fterilerinin uluslararas\u0131 ticaret hedeflerine ula\u015fmas\u0131na yard\u0131mc\u0131 olmak i\u00e7in \u00e7al\u0131\u015fmaktad\u0131r. M\u00fc\u015fterilerimize sundu\u011fumuz hizmetler, onlar\u0131n rekabet g\u00fcc\u00fcn\u00fc art\u0131rmas\u0131na ve yeni pazarlara a\u00e7\u0131lmas\u0131na yard\u0131mc\u0131 olmaktad\u0131r.MisyonumuzM\u00fc\u015fterilerimizin uluslararas\u0131 ticaret hedeflerine ula\u015fmas\u0131na yard\u0131mc\u0131 olmak.VizyonumuzT\u00fcrkiye'nin ve d\u00fcnyan\u0131n lider uluslararas\u0131 ticaret firmas\u0131 olmak.De\u011ferlerimiz M\u00fc\u015fteri odakl\u0131l\u0131k Kalite \u0130\u015f birli\u011fi S\u00fcrd\u00fcr\u00fclebilirlik\u0130leti\u015fim BilgilerimizAdres: Hermann K\u00f6hl str 4 89340 leipheimTelefon:+49 1578 218 3966E-posta: info@angorainternational.comWeb sitesi: [Angora\u0131nternational]\",\"breadcrumb\":{\"@id\":\"https:\/\/angorainternational.com\/?page_id=18#breadcrumb\"},\"inLanguage\":\"tr\",\"potentialAction\":[{\"@type\":\"ReadAction\",\"target\":[\"https:\/\/angorainternational.com\/?page_id=18\"]}]},{\"@type\":\"BreadcrumbList\",\"@id\":\"https:\/\/angorainternational.com\/?page_id=18#breadcrumb\",\"itemListElement\":[{\"@type\":\"ListItem\",\"position\":1,\"name\":\"Anasayfa\",\"item\":\"https:\/\/angorainternational.com\/\"},{\"@type\":\"ListItem\",\"position\":2,\"name\":\"\u0130leti\u015fim\"}]},{\"@type\":\"WebSite\",\"@id\":\"https:\/\/angorainternational.com\/#website\",\"url\":\"https:\/\/angorainternational.com\/\",\"name\":\"Angora \u0130nternational\",\"description\":\"S\u00f6z verdi\u011fimiz gibi yapar\u0131z.\",\"publisher\":{\"@id\":\"https:\/\/angorainternational.com\/#organization\"},\"potentialAction\":[{\"@type\":\"SearchAction\",\"target\":{\"@type\":\"EntryPoint\",\"urlTemplate\":\"https:\/\/angorainternational.com\/?s={search_term_string}\"},\"query-input\":\"required name=search_term_string\"}],\"inLanguage\":\"tr\"},{\"@type\":\"Organization\",\"@id\":\"https:\/\/angorainternational.com\/#organization\",\"name\":\"Angora \u0130nternational\",\"url\":\"https:\/\/angorainternational.com\/\",\"logo\":{\"@type\":\"ImageObject\",\"inLanguage\":\"tr\",\"@id\":\"https:\/\/angorainternational.com\/#\/schema\/logo\/image\/\",\"url\":\"https:\/\/angorainternational.com\/wp-content\/uploads\/2023\/10\/cropped-angora-international-1080-x-1080-piksel.png\",\"contentUrl\":\"https:\/\/angorainternational.com\/wp-content\/uploads\/2023\/10\/cropped-angora-international-1080-x-1080-piksel.png\",\"width\":512,\"height\":512,\"caption\":\"Angora \u0130nternational\"},\"image\":{\"@id\":\"https:\/\/angorainternational.com\/#\/schema\/logo\/image\/\"}}]}<\/script>\n<!-- \/ Yoast SEO Premium plugin. -->","yoast_head_json":{"title":"\u0130leti\u015fim - Angora \u0130nternational","description":"AngoraInternationalFirmam\u0131z, d\u00fcnyan\u0131n d\u00f6rt bir yan\u0131na ihracat ve ithalat yapmaktad\u0131r.Angora International, uluslararas\u0131 ticaret alan\u0131nda uzmanla\u015fm\u0131\u015f bir ekip taraf\u0131ndan y\u00f6netilmektedir. Ekibimiz, sekt\u00f6rdeki geli\u015fmeleri yak\u0131ndan takip ederek m\u00fc\u015fterilerimize en iyi hizmeti sunmak i\u00e7in \u00e7al\u0131\u015fmaktad\u0131r.Angora International, a\u015fa\u011f\u0131daki hizmetleri sunmaktad\u0131r: \u0130hracat \u0130thalat Lojistik G\u00fcmr\u00fckleme Finansal dan\u0131\u015fmanl\u0131k G\u0131da Ticareti Bakliyat Tah\u0131l De\u011ferli Maden Ya\u011f ve \u015eekerAngora International, m\u00fc\u015fterilerinin uluslararas\u0131 ticaret hedeflerine ula\u015fmas\u0131na yard\u0131mc\u0131 olmak i\u00e7in \u00e7al\u0131\u015fmaktad\u0131r. M\u00fc\u015fterilerimize sundu\u011fumuz hizmetler, onlar\u0131n rekabet g\u00fcc\u00fcn\u00fc art\u0131rmas\u0131na ve yeni pazarlara a\u00e7\u0131lmas\u0131na yard\u0131mc\u0131 olmaktad\u0131r.MisyonumuzM\u00fc\u015fterilerimizin uluslararas\u0131 ticaret hedeflerine ula\u015fmas\u0131na yard\u0131mc\u0131 olmak.VizyonumuzT\u00fcrkiye'nin ve d\u00fcnyan\u0131n lider uluslararas\u0131 ticaret firmas\u0131 olmak.De\u011ferlerimiz M\u00fc\u015fteri odakl\u0131l\u0131k Kalite \u0130\u015f birli\u011fi S\u00fcrd\u00fcr\u00fclebilirlik\u0130leti\u015fim BilgilerimizAdres: Hermann K\u00f6hl str 4 89340 leipheimTelefon:+49 1578 218 3966E-posta: info@angorainternational.comWeb sitesi: [Angora\u0131nternational]","robots":{"index":"index","follow":"follow","max-snippet":"max-snippet:-1","max-image-preview":"max-image-preview:large","max-video-preview":"max-video-preview:-1"},"canonical":"https:\/\/angorainternational.com\/?page_id=18","og_locale":"tr_TR","og_type":"article","og_title":"\u0130leti\u015fim","og_description":"AngoraInternationalFirmam\u0131z, d\u00fcnyan\u0131n d\u00f6rt bir yan\u0131na ihracat ve ithalat yapmaktad\u0131r.Angora International, uluslararas\u0131 ticaret alan\u0131nda uzmanla\u015fm\u0131\u015f bir ekip taraf\u0131ndan y\u00f6netilmektedir. Ekibimiz, sekt\u00f6rdeki geli\u015fmeleri yak\u0131ndan takip ederek m\u00fc\u015fterilerimize en iyi hizmeti sunmak i\u00e7in \u00e7al\u0131\u015fmaktad\u0131r.Angora International, a\u015fa\u011f\u0131daki hizmetleri sunmaktad\u0131r: \u0130hracat \u0130thalat Lojistik G\u00fcmr\u00fckleme Finansal dan\u0131\u015fmanl\u0131k G\u0131da Ticareti Bakliyat Tah\u0131l De\u011ferli Maden Ya\u011f ve \u015eekerAngora International, m\u00fc\u015fterilerinin uluslararas\u0131 ticaret hedeflerine ula\u015fmas\u0131na yard\u0131mc\u0131 olmak i\u00e7in \u00e7al\u0131\u015fmaktad\u0131r. M\u00fc\u015fterilerimize sundu\u011fumuz hizmetler, onlar\u0131n rekabet g\u00fcc\u00fcn\u00fc art\u0131rmas\u0131na ve yeni pazarlara a\u00e7\u0131lmas\u0131na yard\u0131mc\u0131 olmaktad\u0131r.MisyonumuzM\u00fc\u015fterilerimizin uluslararas\u0131 ticaret hedeflerine ula\u015fmas\u0131na yard\u0131mc\u0131 olmak.VizyonumuzT\u00fcrkiye'nin ve d\u00fcnyan\u0131n lider uluslararas\u0131 ticaret firmas\u0131 olmak.De\u011ferlerimiz M\u00fc\u015fteri odakl\u0131l\u0131k Kalite \u0130\u015f birli\u011fi S\u00fcrd\u00fcr\u00fclebilirlik\u0130leti\u015fim BilgilerimizAdres: Hermann K\u00f6hl str 4 89340 leipheimTelefon:+49 1578 218 3966E-posta: info@angorainternational.comWeb sitesi: [Angora\u0131nternational]","og_url":"https:\/\/angorainternational.com\/?page_id=18","og_site_name":"Angora \u0130nternational","article_modified_time":"2023-10-20T07:54:59+00:00","og_image":[{"width":1080,"height":1080,"url":"https:\/\/angorainternational.com\/wp-content\/uploads\/2023\/10\/angora-international-1080-x-1080-piksel.png","type":"image\/png"}],"twitter_card":"summary_large_image","schema":{"@context":"https:\/\/schema.org","@graph":[{"@type":"WebPage","@id":"https:\/\/angorainternational.com\/?page_id=18","url":"https:\/\/angorainternational.com\/?page_id=18","name":"\u0130leti\u015fim - Angora \u0130nternational","isPartOf":{"@id":"https:\/\/angorainternational.com\/#website"},"datePublished":"2017-06-10T08:25:52+00:00","dateModified":"2023-10-20T07:54:59+00:00","description":"AngoraInternationalFirmam\u0131z, d\u00fcnyan\u0131n d\u00f6rt bir yan\u0131na ihracat ve ithalat yapmaktad\u0131r.Angora International, uluslararas\u0131 ticaret alan\u0131nda uzmanla\u015fm\u0131\u015f bir ekip taraf\u0131ndan y\u00f6netilmektedir. Ekibimiz, sekt\u00f6rdeki geli\u015fmeleri yak\u0131ndan takip ederek m\u00fc\u015fterilerimize en iyi hizmeti sunmak i\u00e7in \u00e7al\u0131\u015fmaktad\u0131r.Angora International, a\u015fa\u011f\u0131daki hizmetleri sunmaktad\u0131r: \u0130hracat \u0130thalat Lojistik G\u00fcmr\u00fckleme Finansal dan\u0131\u015fmanl\u0131k G\u0131da Ticareti Bakliyat Tah\u0131l De\u011ferli Maden Ya\u011f ve \u015eekerAngora International, m\u00fc\u015fterilerinin uluslararas\u0131 ticaret hedeflerine ula\u015fmas\u0131na yard\u0131mc\u0131 olmak i\u00e7in \u00e7al\u0131\u015fmaktad\u0131r. M\u00fc\u015fterilerimize sundu\u011fumuz hizmetler, onlar\u0131n rekabet g\u00fcc\u00fcn\u00fc art\u0131rmas\u0131na ve yeni pazarlara a\u00e7\u0131lmas\u0131na yard\u0131mc\u0131 olmaktad\u0131r.MisyonumuzM\u00fc\u015fterilerimizin uluslararas\u0131 ticaret hedeflerine ula\u015fmas\u0131na yard\u0131mc\u0131 olmak.VizyonumuzT\u00fcrkiye'nin ve d\u00fcnyan\u0131n lider uluslararas\u0131 ticaret firmas\u0131 olmak.De\u011ferlerimiz M\u00fc\u015fteri odakl\u0131l\u0131k Kalite \u0130\u015f birli\u011fi S\u00fcrd\u00fcr\u00fclebilirlik\u0130leti\u015fim BilgilerimizAdres: Hermann K\u00f6hl str 4 89340 leipheimTelefon:+49 1578 218 3966E-posta: info@angorainternational.comWeb sitesi: [Angora\u0131nternational]","breadcrumb":{"@id":"https:\/\/angorainternational.com\/?page_id=18#breadcrumb"},"inLanguage":"tr","potentialAction":[{"@type":"ReadAction","target":["https:\/\/angorainternational.com\/?page_id=18"]}]},{"@type":"BreadcrumbList","@id":"https:\/\/angorainternational.com\/?page_id=18#breadcrumb","itemListElement":[{"@type":"ListItem","position":1,"name":"Anasayfa","item":"https:\/\/angorainternational.com\/"},{"@type":"ListItem","position":2,"name":"\u0130leti\u015fim"}]},{"@type":"WebSite","@id":"https:\/\/angorainternational.com\/#website","url":"https:\/\/angorainternational.com\/","name":"Angora \u0130nternational","description":"S\u00f6z verdi\u011fimiz gibi yapar\u0131z.","publisher":{"@id":"https:\/\/angorainternational.com\/#organization"},"potentialAction":[{"@type":"SearchAction","target":{"@type":"EntryPoint","urlTemplate":"https:\/\/angorainternational.com\/?s={search_term_string}"},"query-input":"required name=search_term_string"}],"inLanguage":"tr"},{"@type":"Organization","@id":"https:\/\/angorainternational.com\/#organization","name":"Angora \u0130nternational","url":"https:\/\/angorainternational.com\/","logo":{"@type":"ImageObject","inLanguage":"tr","@id":"https:\/\/angorainternational.com\/#\/schema\/logo\/image\/","url":"https:\/\/angorainternational.com\/wp-content\/uploads\/2023\/10\/cropped-angora-international-1080-x-1080-piksel.png","contentUrl":"https:\/\/angorainternational.com\/wp-content\/uploads\/2023\/10\/cropped-angora-international-1080-x-1080-piksel.png","width":512,"height":512,"caption":"Angora \u0130nternational"},"image":{"@id":"https:\/\/angorainternational.com\/#\/schema\/logo\/image\/"}}]}},"_links":{"self":[{"href":"https:\/\/angorainternational.com\/index.php?rest_route=\/wp\/v2\/pages\/18"}],"collection":[{"href":"https:\/\/angorainternational.com\/index.php?rest_route=\/wp\/v2\/pages"}],"about":[{"href":"https:\/\/angorainternational.com\/index.php?rest_route=\/wp\/v2\/types\/page"}],"author":[{"embeddable":true,"href":"https:\/\/angorainternational.com\/index.php?rest_route=\/wp\/v2\/users\/1"}],"replies":[{"embeddable":true,"href":"https:\/\/angorainternational.com\/index.php?rest_route=%2Fwp%2Fv2%2Fcomments&post=18"}],"version-history":[{"count":13,"href":"https:\/\/angorainternational.com\/index.php?rest_route=\/wp\/v2\/pages\/18\/revisions"}],"predecessor-version":[{"id":1335,"href":"https:\/\/angorainternational.com\/index.php?rest_route=\/wp\/v2\/pages\/18\/revisions\/1335"}],"wp:attachment":[{"href":"https:\/\/angorainternational.com\/index.php?rest_route=%2Fwp%2Fv2%2Fmedia&parent=18"}],"curies":[{"name":"wp","href":"https:\/\/api.w.org\/{rel}","templated":true}]}}